{"id":1170,"date":"2016-07-15T12:50:21","date_gmt":"2016-07-15T11:50:21","guid":{"rendered":"http:\/\/www.pro-tech.cz\/?page_id=1170"},"modified":"2017-07-10T10:12:52","modified_gmt":"2017-07-10T09:12:52","slug":"riguardo-a-noi","status":"publish","type":"page","link":"http:\/\/www.pro-tech.cz\/it\/riguardo-a-noi\/","title":{"rendered":"Riguardo a noi"},"content":{"rendered":"<div id=\"pl-1170\"  class=\"panel-layout\" ><div id=\"pg-1170-0\"  class=\"panel-grid panel-has-style\" ><div style=\"padding: 0px 0; \" class=\"panel-row-style panel-row-style-for-1170-0\" ><div id=\"pgc-1170-0-0\"  class=\"panel-grid-cell\" ><div id=\"panel-1170-0-0-0\" class=\"so-panel widget widget_sow-editor panel-first-child\" data-index=\"0\" ><div\n\t\t\t\n\t\t\tclass=\"so-widget-sow-editor so-widget-sow-editor-base\"\n\t\t\t\n\t\t><h3 class=\"widget-title\">Riguardo a noi<\/h3>\n<div class=\"siteorigin-widget-tinymce textwidget\">\n\t<p style=\"text-align: justify;\">La nostra azienda PRO-TECH aerosol s.r.o. si occupa della distribuzione all'ingrosso o presso rivenditori di prodotti chimici per sia per uso professionale che fai da te nei piu svariati settori.<\/p>\n<\/div>\n<\/div><\/div><div id=\"panel-1170-0-0-1\" class=\"so-panel widget widget_sow-editor panel-last-child\" data-index=\"1\" ><div class=\"panel-widget-style panel-widget-style-for-1170-0-0-1\" ><div\n\t\t\t\n\t\t\tclass=\"so-widget-sow-editor so-widget-sow-editor-base\"\n\t\t\t\n\t\t>\n<div class=\"siteorigin-widget-tinymce textwidget\">\n\t<p style=\"text-align: justify;\">La nostra gamma di prodotti PRO-TECH aerosol s.r.o. si colloca in feramenta, forniture industriali, colori e colorifici, edilizia, ricambi e accessori auto, moto e ciclo, elettronica, fai da te, come anche altri diversi settori di mercato. Importiamo anche vari prodotti in esclusiva che arricchiscono la nostra gamma prodotti.<br \/>Grazie al contatto diretto con le aziende di produzione in Italia, siamo in grado di rispondere alle diverse necessit\u00e0 di un mercato sempre pi\u00f9 esigente in termini di qualit\u00e0 e servizio. L'azienda produce la maggior parte dei suoi prodotti prestando particolare attenzione all\u00b4aspetto qualitativo e anche ecologico del prodotto. Per soddisfare i nostri clienti attuali e futuri, offriamo una vasta gamma di produzione dei nostri prodotti con marchi privati. Attraverso il nostro laboratorio di ricerca e sviluppo interno che si occupa della composizione e delle verifiche dei vari formulati, garantiamo la completa collaborazione ed il massimo impegno dello staff tecnico e commerciale nello studio di nuovi prodotti, creazioni di linee personalizzate, consulenza tecnica specialistica e assistenza post vendita.<\/p>\n<\/div>\n<\/div><\/div><\/div><\/div><\/div><\/div><\/div>","protected":false},"excerpt":{"rendered":"<p>La nostra azienda PRO-TECH aerosol s.r.o. si occupa della distribuzione all&#8217;ingrosso o presso rivenditori di [&hellip;]<\/p>\n","protected":false},"author":1,"featured_media":0,"parent":0,"menu_order":0,"comment_status":"closed","ping_status":"closed","template":"","meta":[],"aioseo_notices":[],"_links":{"self":[{"href":"http:\/\/www.pro-tech.cz\/it\/wp-json\/wp\/v2\/pages\/1170"}],"collection":[{"href":"http:\/\/www.pro-tech.cz\/it\/wp-json\/wp\/v2\/pages"}],"about":[{"href":"http:\/\/www.pro-tech.cz\/it\/wp-json\/wp\/v2\/types\/page"}],"author":[{"embeddable":true,"href":"http:\/\/www.pro-tech.cz\/it\/wp-json\/wp\/v2\/users\/1"}],"replies":[{"embeddable":true,"href":"http:\/\/www.pro-tech.cz\/it\/wp-json\/wp\/v2\/comments?post=1170"}],"version-history":[{"count":9,"href":"http:\/\/www.pro-tech.cz\/it\/wp-json\/wp\/v2\/pages\/1170\/revisions"}],"predecessor-version":[{"id":2916,"href":"http:\/\/www.pro-tech.cz\/it\/wp-json\/wp\/v2\/pages\/1170\/revisions\/2916"}],"wp:attachment":[{"href":"http:\/\/www.pro-tech.cz\/it\/wp-json\/wp\/v2\/media?parent=1170"}],"curies":[{"name":"wp","href":"https:\/\/api.w.org\/{rel}","templated":true}]}}